{"id":911,"date":"2024-03-31T22:45:42","date_gmt":"2024-03-31T14:45:42","guid":{"rendered":"https:\/\/knapsack-sprayer.com\/?page_id=911"},"modified":"2024-06-04T12:25:47","modified_gmt":"2024-06-04T04:25:47","slug":"knapsack-sprayer","status":"publish","type":"page","link":"https:\/\/www.knapsack-sprayer.com\/vi\/knapsack-sprayer\/","title":{"rendered":"M\u00e1y phun ba l\u00f4 n\u00f4ng nghi\u1ec7p"},"content":{"rendered":"<div data-elementor-type=\"wp-page\" data-elementor-id=\"911\" class=\"elementor elementor-911\" data-elementor-post-type=\"page\">\n\t\t\t\t<div class=\"elementor-element elementor-element-7f1a53f e-con-full e-flex e-con e-parent\" data-id=\"7f1a53f\" data-element_type=\"container\">\n\t\t\t\t<div class=\"elementor-element elementor-element-874a2d0 elementor-widget elementor-widget-image\" data-id=\"874a2d0\" data-element_type=\"widget\" data-widget_type=\"image.default\">\n\t\t\t\t<div class=\"elementor-widget-container\">\n\t\t\t<style>\/*! elementor - v3.21.0 - 30-04-2024 *\/\n.elementor-widget-image{text-align:center}.elementor-widget-image a{display:inline-block}.elementor-widget-image a img[src$=\".svg\"]{width:48px}.elementor-widget-image img{vertical-align:middle;display:inline-block}<\/style>\t\t\t\t\t\t\t\t\t\t<img fetchpriority=\"high\" decoding=\"async\" width=\"1920\" height=\"445\" src=\"https:\/\/www.knapsack-sprayer.com\/wp-content\/uploads\/2024\/04\/contact-bg-6-1712050810.webp\" class=\"attachment-full size-full wp-image-1216\" alt=\"\" srcset=\"https:\/\/www.knapsack-sprayer.com\/wp-content\/uploads\/2024\/04\/contact-bg-6-1712050810.webp 1920w, https:\/\/www.knapsack-sprayer.com\/wp-content\/uploads\/2024\/04\/contact-bg-6-1712050810-300x70.webp 300w, https:\/\/www.knapsack-sprayer.com\/wp-content\/uploads\/2024\/04\/contact-bg-6-1712050810-1024x237.webp 1024w, https:\/\/www.knapsack-sprayer.com\/wp-content\/uploads\/2024\/04\/contact-bg-6-1712050810-768x178.webp 768w, https:\/\/www.knapsack-sprayer.com\/wp-content\/uploads\/2024\/04\/contact-bg-6-1712050810-1536x356.webp 1536w\" sizes=\"(max-width: 1920px) 100vw, 1920px\" \/>\t\t\t\t\t\t\t\t\t\t\t\t\t<\/div>\n\t\t\t\t<\/div>\n\t\t\t\t<\/div>\n\t\t<div class=\"elementor-element elementor-element-a03cead e-flex e-con-boxed elementor-invisible e-con e-parent\" data-id=\"a03cead\" data-element_type=\"container\" data-settings=\"{&quot;animation&quot;:&quot;fadeInUp&quot;}\">\n\t\t\t\t\t<div class=\"e-con-inner\">\n\t\t\t\t<div class=\"elementor-element elementor-element-721a693 elementor-widget elementor-widget-heading\" data-id=\"721a693\" data-element_type=\"widget\" data-widget_type=\"heading.default\">\n\t\t\t\t<div class=\"elementor-widget-container\">\n\t\t\t<style>\/*! elementor - v3.21.0 - 30-04-2024 *\/\n.elementor-heading-title{padding:0;margin:0;line-height:1}.elementor-widget-heading .elementor-heading-title[class*=elementor-size-]>a{color:inherit;font-size:inherit;line-height:inherit}.elementor-widget-heading .elementor-heading-title.elementor-size-small{font-size:15px}.elementor-widget-heading .elementor-heading-title.elementor-size-medium{font-size:19px}.elementor-widget-heading .elementor-heading-title.elementor-size-large{font-size:29px}.elementor-widget-heading .elementor-heading-title.elementor-size-xl{font-size:39px}.elementor-widget-heading .elementor-heading-title.elementor-size-xxl{font-size:59px}<\/style><h2 class=\"elementor-heading-title elementor-size-default\">Nh\u00e0 cung c\u1ea5p m\u00e1y phun<\/h2>\t\t<\/div>\n\t\t\t\t<\/div>\n\t\t\t\t<div class=\"elementor-element elementor-element-4218c92 elementor-widget-mobile__width-inherit elementor-widget elementor-widget-heading\" data-id=\"4218c92\" data-element_type=\"widget\" data-widget_type=\"heading.default\">\n\t\t\t\t<div class=\"elementor-widget-container\">\n\t\t\t<div class=\"elementor-heading-title elementor-size-default\">FARMRAIN cung c\u1ea5p nhi\u1ec1u lo\u1ea1i m\u00e1y phun \u0111eo ba l\u00f4, bao g\u1ed3m m\u00e1y phun \u0111i\u1ec7n, m\u00e1y phun th\u1ee7 c\u00f4ng v\u00e0 m\u00e1y phun ba l\u00f4 2 trong 1, c\u0169ng nh\u01b0 pin v\u00e0 ph\u1ee5 ki\u1ec7n.<\/div>\t\t<\/div>\n\t\t\t\t<\/div>\n\t\t\t\t<div class=\"elementor-element elementor-element-7a6790c elementor-widget elementor-widget-spacer\" data-id=\"7a6790c\" data-element_type=\"widget\" data-widget_type=\"spacer.default\">\n\t\t\t\t<div class=\"elementor-widget-container\">\n\t\t\t<style>\/*! elementor - v3.21.0 - 30-04-2024 *\/\n.elementor-column .elementor-spacer-inner{height:var(--spacer-size)}.e-con{--container-widget-width:100%}.e-con-inner>.elementor-widget-spacer,.e-con>.elementor-widget-spacer{width:var(--container-widget-width,var(--spacer-size));--align-self:var(--container-widget-align-self,initial);--flex-shrink:0}.e-con-inner>.elementor-widget-spacer>.elementor-widget-container,.e-con>.elementor-widget-spacer>.elementor-widget-container{height:100%;width:100%}.e-con-inner>.elementor-widget-spacer>.elementor-widget-container>.elementor-spacer,.e-con>.elementor-widget-spacer>.elementor-widget-container>.elementor-spacer{height:100%}.e-con-inner>.elementor-widget-spacer>.elementor-widget-container>.elementor-spacer>.elementor-spacer-inner,.e-con>.elementor-widget-spacer>.elementor-widget-container>.elementor-spacer>.elementor-spacer-inner{height:var(--container-widget-height,var(--spacer-size))}.e-con-inner>.elementor-widget-spacer.elementor-widget-empty,.e-con>.elementor-widget-spacer.elementor-widget-empty{position:relative;min-height:22px;min-width:22px}.e-con-inner>.elementor-widget-spacer.elementor-widget-empty .elementor-widget-empty-icon,.e-con>.elementor-widget-spacer.elementor-widget-empty .elementor-widget-empty-icon{position:absolute;top:0;bottom:0;left:0;right:0;margin:auto;padding:0;width:22px;height:22px}<\/style>\t\t<div class=\"elementor-spacer\">\n\t\t\t<div class=\"elementor-spacer-inner\"><\/div>\n\t\t<\/div>\n\t\t\t\t<\/div>\n\t\t\t\t<\/div>\n\t\t<div class=\"elementor-element elementor-element-3da88fb e-grid e-con-full e-con e-child\" data-id=\"3da88fb\" data-element_type=\"container\" data-settings=\"{&quot;background_background&quot;:&quot;classic&quot;}\">\n\t\t<a class=\"elementor-element elementor-element-553d779 e-grid e-con-full menu_pro_box e-con e-child\" data-id=\"553d779\" data-element_type=\"container\" href=\"https:\/\/www.knapsack-sprayer.com\/vi\/agriculture-knapsack-sprayer\/battery-knapsack-sprayer\/\">\n\t\t<div class=\"elementor-element elementor-element-b30e7fb e-con-full e-flex e-con e-child\" data-id=\"b30e7fb\" data-element_type=\"container\">\n\t\t\t\t<div class=\"elementor-element elementor-element-f17a6a2 elementor-widget elementor-widget-heading\" data-id=\"f17a6a2\" data-element_type=\"widget\" data-widget_type=\"heading.default\">\n\t\t\t\t<div class=\"elementor-widget-container\">\n\t\t\t<h2 class=\"elementor-heading-title elementor-size-default\">M\u00e1y phun ba l\u00f4 d\u00f9ng pin<\/h2>\t\t<\/div>\n\t\t\t\t<\/div>\n\t\t\t\t<div class=\"elementor-element elementor-element-2ff97cd elementor-widget elementor-widget-text-editor\" data-id=\"2ff97cd\" data-element_type=\"widget\" data-widget_type=\"text-editor.default\">\n\t\t\t\t<div class=\"elementor-widget-container\">\n\t\t\t<style>\/*! elementor - v3.21.0 - 30-04-2024 *\/\n.elementor-widget-text-editor.elementor-drop-cap-view-stacked .elementor-drop-cap{background-color:#69727d;color:#fff}.elementor-widget-text-editor.elementor-drop-cap-view-framed .elementor-drop-cap{color:#69727d;border:3px solid;background-color:transparent}.elementor-widget-text-editor:not(.elementor-drop-cap-view-default) .elementor-drop-cap{margin-top:8px}.elementor-widget-text-editor:not(.elementor-drop-cap-view-default) .elementor-drop-cap-letter{width:1em;height:1em}.elementor-widget-text-editor .elementor-drop-cap{float:left;text-align:center;line-height:1;font-size:50px}.elementor-widget-text-editor .elementor-drop-cap-letter{display:inline-block}<\/style>\t\t\t\t<p>M\u00e1y phun ba l\u00f4 d\u00f9ng pin axit ch\u00ec<br \/>M\u00e1y phun ba l\u00f4 pin lithium-Ion<br \/>M\u1ed9t l\u1ea7n s\u1ea1c c\u00f3 th\u1ec3 s\u1eed d\u1ee5ng li\u00ean t\u1ee5c trong 3-8 gi\u1edd<\/p>\t\t\t\t\t\t<\/div>\n\t\t\t\t<\/div>\n\t\t\t\t<\/div>\n\t\t\t\t<div class=\"elementor-element elementor-element-882020a elementor-widget elementor-widget-image\" data-id=\"882020a\" data-element_type=\"widget\" data-widget_type=\"image.default\">\n\t\t\t\t<div class=\"elementor-widget-container\">\n\t\t\t\t\t\t\t\t\t\t\t\t\t<img decoding=\"async\" width=\"874\" height=\"1024\" src=\"https:\/\/www.knapsack-sprayer.com\/wp-content\/uploads\/2024\/04\/Battery-Knapsack-Sprayer-1713019057-874x1024.webp\" class=\"attachment-large size-large wp-image-2240\" alt=\"M\u00e1y phun ba l\u00f4 d\u00f9ng pin\" srcset=\"https:\/\/www.knapsack-sprayer.com\/wp-content\/uploads\/2024\/04\/Battery-Knapsack-Sprayer-1713019057-874x1024.webp 874w, https:\/\/www.knapsack-sprayer.com\/wp-content\/uploads\/2024\/04\/Battery-Knapsack-Sprayer-1713019057-256x300.webp 256w, https:\/\/www.knapsack-sprayer.com\/wp-content\/uploads\/2024\/04\/Battery-Knapsack-Sprayer-1713019057-768x900.webp 768w, https:\/\/www.knapsack-sprayer.com\/wp-content\/uploads\/2024\/04\/Battery-Knapsack-Sprayer-1713019057.webp 1224w\" sizes=\"(max-width: 874px) 100vw, 874px\" \/>\t\t\t\t\t\t\t\t\t\t\t\t\t<\/div>\n\t\t\t\t<\/div>\n\t\t\t\t<\/a>\n\t\t<a class=\"elementor-element elementor-element-c021b4c e-grid e-con-full menu_pro_box e-con e-child\" data-id=\"c021b4c\" data-element_type=\"container\" href=\"https:\/\/www.knapsack-sprayer.com\/vi\/agriculture-knapsack-sprayer\/2-in-1-manual-electric-knapsack-sprayer\/\">\n\t\t<div class=\"elementor-element elementor-element-53ea703 e-con-full e-flex e-con e-child\" data-id=\"53ea703\" data-element_type=\"container\">\n\t\t\t\t<div class=\"elementor-element elementor-element-be2f3a5 elementor-widget elementor-widget-heading\" data-id=\"be2f3a5\" data-element_type=\"widget\" data-widget_type=\"heading.default\">\n\t\t\t\t<div class=\"elementor-widget-container\">\n\t\t\t<h2 class=\"elementor-heading-title elementor-size-default\">M\u00e1y phun \u0111eo ba l\u00f4 b\u1eb1ng tay v\u00e0 \u0111i\u1ec7n 2 trong 1<\/h2>\t\t<\/div>\n\t\t\t\t<\/div>\n\t\t\t\t<div class=\"elementor-element elementor-element-a223c49 elementor-widget elementor-widget-text-editor\" data-id=\"a223c49\" data-element_type=\"widget\" data-widget_type=\"text-editor.default\">\n\t\t\t\t<div class=\"elementor-widget-container\">\n\t\t\t\t\t\t\t<p>\u0110i\u1ec7n + H\u01b0\u1edbng d\u1eabn s\u1eed d\u1ee5ng trong m\u1ed9t \u0111\u01a1n v\u1ecb.<br \/>C\u00f3 th\u1ec3 phun th\u1ee7 c\u00f4ng khi pin y\u1ebfu.<\/p>\t\t\t\t\t\t<\/div>\n\t\t\t\t<\/div>\n\t\t\t\t<\/div>\n\t\t\t\t<div class=\"elementor-element elementor-element-c803fda elementor-widget elementor-widget-image\" data-id=\"c803fda\" data-element_type=\"widget\" data-widget_type=\"image.default\">\n\t\t\t\t<div class=\"elementor-widget-container\">\n\t\t\t\t\t\t\t\t\t\t\t\t\t<img decoding=\"async\" width=\"874\" height=\"1024\" src=\"https:\/\/www.knapsack-sprayer.com\/wp-content\/uploads\/2024\/04\/2-IN-1-Manual-Electric-Knapsack-Sprayer-1713019055-874x1024.webp\" class=\"attachment-large size-large wp-image-2239\" alt=\"M\u00e1y phun \u0111eo ba l\u00f4 b\u1eb1ng tay v\u00e0 \u0111i\u1ec7n 2 trong 1\" srcset=\"https:\/\/www.knapsack-sprayer.com\/wp-content\/uploads\/2024\/04\/2-IN-1-Manual-Electric-Knapsack-Sprayer-1713019055-874x1024.webp 874w, https:\/\/www.knapsack-sprayer.com\/wp-content\/uploads\/2024\/04\/2-IN-1-Manual-Electric-Knapsack-Sprayer-1713019055-256x300.webp 256w, https:\/\/www.knapsack-sprayer.com\/wp-content\/uploads\/2024\/04\/2-IN-1-Manual-Electric-Knapsack-Sprayer-1713019055-768x900.webp 768w, https:\/\/www.knapsack-sprayer.com\/wp-content\/uploads\/2024\/04\/2-IN-1-Manual-Electric-Knapsack-Sprayer-1713019055.webp 1224w\" sizes=\"(max-width: 874px) 100vw, 874px\" \/>\t\t\t\t\t\t\t\t\t\t\t\t\t<\/div>\n\t\t\t\t<\/div>\n\t\t\t\t<\/a>\n\t\t<a class=\"elementor-element elementor-element-befec3a e-grid e-con-full menu_pro_box e-con e-child\" data-id=\"befec3a\" data-element_type=\"container\" href=\"https:\/\/www.knapsack-sprayer.com\/vi\/agriculture-knapsack-sprayer\/stirring-battery-knapsack-sprayer\/\">\n\t\t<div class=\"elementor-element elementor-element-88bb4bf e-con-full e-flex e-con e-child\" data-id=\"88bb4bf\" data-element_type=\"container\">\n\t\t\t\t<div class=\"elementor-element elementor-element-11946e4 elementor-widget elementor-widget-heading\" data-id=\"11946e4\" data-element_type=\"widget\" data-widget_type=\"heading.default\">\n\t\t\t\t<div class=\"elementor-widget-container\">\n\t\t\t<h2 class=\"elementor-heading-title elementor-size-default\">M\u00e1y phun ba l\u00f4 d\u00f9ng pin khu\u1ea5y<\/h2>\t\t<\/div>\n\t\t\t\t<\/div>\n\t\t\t\t<div class=\"elementor-element elementor-element-29445f6 elementor-widget elementor-widget-text-editor\" data-id=\"29445f6\" data-element_type=\"widget\" data-widget_type=\"text-editor.default\">\n\t\t\t\t<div class=\"elementor-widget-container\">\n\t\t\t\t\t\t\t<p>M\u00e1y phun pin ba l\u00f4 c\u00f3 ch\u1ee9c n\u0103ng khu\u1ea5y, M\u00e1y phun pin khu\u1ea5y c\u00f3 3 ch\u1ebf \u0111\u1ed9 ho\u1ea1t \u0111\u1ed9ng kh\u00e1c nhau: phun th\u01b0\u1eddng, khu\u1ea5y v\u00e0 phun v\u00e0 ch\u1ec9 khu\u1ea5y.<\/p>\t\t\t\t\t\t<\/div>\n\t\t\t\t<\/div>\n\t\t\t\t<\/div>\n\t\t\t\t<div class=\"elementor-element elementor-element-632e3eb elementor-widget elementor-widget-image\" data-id=\"632e3eb\" data-element_type=\"widget\" data-widget_type=\"image.default\">\n\t\t\t\t<div class=\"elementor-widget-container\">\n\t\t\t\t\t\t\t\t\t\t\t\t\t<img loading=\"lazy\" decoding=\"async\" width=\"874\" height=\"1024\" src=\"https:\/\/www.knapsack-sprayer.com\/wp-content\/uploads\/2024\/04\/Stirring-Battery-Knapsack-Sprayer-1713019063-874x1024.webp\" class=\"attachment-large size-large wp-image-2242\" alt=\"M\u00e1y phun ba l\u00f4 d\u00f9ng pin khu\u1ea5y\" srcset=\"https:\/\/www.knapsack-sprayer.com\/wp-content\/uploads\/2024\/04\/Stirring-Battery-Knapsack-Sprayer-1713019063-874x1024.webp 874w, https:\/\/www.knapsack-sprayer.com\/wp-content\/uploads\/2024\/04\/Stirring-Battery-Knapsack-Sprayer-1713019063-256x300.webp 256w, https:\/\/www.knapsack-sprayer.com\/wp-content\/uploads\/2024\/04\/Stirring-Battery-Knapsack-Sprayer-1713019063-768x900.webp 768w, https:\/\/www.knapsack-sprayer.com\/wp-content\/uploads\/2024\/04\/Stirring-Battery-Knapsack-Sprayer-1713019063.webp 1224w\" sizes=\"(max-width: 874px) 100vw, 874px\" \/>\t\t\t\t\t\t\t\t\t\t\t\t\t<\/div>\n\t\t\t\t<\/div>\n\t\t\t\t<\/a>\n\t\t<a class=\"elementor-element elementor-element-5970182 e-grid e-con-full menu_pro_box e-con e-child\" data-id=\"5970182\" data-element_type=\"container\" href=\"https:\/\/www.knapsack-sprayer.com\/vi\/agriculture-knapsack-sprayer\/manual-knapsack-sprayer\/\">\n\t\t<div class=\"elementor-element elementor-element-ee4cdda e-con-full e-flex e-con e-child\" data-id=\"ee4cdda\" data-element_type=\"container\">\n\t\t\t\t<div class=\"elementor-element elementor-element-6fdf75b elementor-widget elementor-widget-heading\" data-id=\"6fdf75b\" data-element_type=\"widget\" data-widget_type=\"heading.default\">\n\t\t\t\t<div class=\"elementor-widget-container\">\n\t\t\t<h2 class=\"elementor-heading-title elementor-size-default\">M\u00e1y phun ba l\u00f4 b\u1eb1ng tay<\/h2>\t\t<\/div>\n\t\t\t\t<\/div>\n\t\t\t\t<div class=\"elementor-element elementor-element-0e18391 elementor-widget elementor-widget-text-editor\" data-id=\"0e18391\" data-element_type=\"widget\" data-widget_type=\"text-editor.default\">\n\t\t\t\t<div class=\"elementor-widget-container\">\n\t\t\t\t\t\t\t<p>Ti\u1ebft ki\u1ec7m chi ph\u00ed v\u00e0 lu\u00f4n s\u1eb5n s\u00e0ng ho\u1ea1t \u0111\u1ed9ng, B\u1ec1n v\u00e0 Nh\u1eb9.<\/p>\t\t\t\t\t\t<\/div>\n\t\t\t\t<\/div>\n\t\t\t\t<\/div>\n\t\t\t\t<div class=\"elementor-element elementor-element-2d37d29 elementor-widget elementor-widget-image\" data-id=\"2d37d29\" data-element_type=\"widget\" data-widget_type=\"image.default\">\n\t\t\t\t<div class=\"elementor-widget-container\">\n\t\t\t\t\t\t\t\t\t\t\t\t\t<img loading=\"lazy\" decoding=\"async\" width=\"874\" height=\"1024\" src=\"https:\/\/www.knapsack-sprayer.com\/wp-content\/uploads\/2024\/04\/Manual-Knapsack-Sprayer-1713019060-874x1024.webp\" class=\"attachment-large size-large wp-image-2241\" alt=\"M\u00e1y phun ba l\u00f4 b\u1eb1ng tay\" srcset=\"https:\/\/www.knapsack-sprayer.com\/wp-content\/uploads\/2024\/04\/Manual-Knapsack-Sprayer-1713019060-874x1024.webp 874w, https:\/\/www.knapsack-sprayer.com\/wp-content\/uploads\/2024\/04\/Manual-Knapsack-Sprayer-1713019060-256x300.webp 256w, https:\/\/www.knapsack-sprayer.com\/wp-content\/uploads\/2024\/04\/Manual-Knapsack-Sprayer-1713019060-768x900.webp 768w, https:\/\/www.knapsack-sprayer.com\/wp-content\/uploads\/2024\/04\/Manual-Knapsack-Sprayer-1713019060.webp 1224w\" sizes=\"(max-width: 874px) 100vw, 874px\" \/>\t\t\t\t\t\t\t\t\t\t\t\t\t<\/div>\n\t\t\t\t<\/div>\n\t\t\t\t<\/a>\n\t\t\t\t<\/div>\n\t\t\t\t\t<\/div>\n\t\t\t\t<\/div>\n\t\t\t\t<\/div>","protected":false},"excerpt":{"rendered":"<p>Sprayer Supplier FARMRAIN offers a range of knapsack sprayers, including electric, manual, and 2-in-1 knapsack sprayers, as well as batteries and accessories. Battery Knapsack Sprayer Lead-acid Battery Knapsack Sprayers Lithium-Ion Battery Knapsack Sprayers One charge can last for 3-8 hours of non-stop use 2-IN-1 Manual &amp; Electric Knapsack Sprayer Electric + Manual in one unit. [&hellip;]<\/p>","protected":false},"author":1,"featured_media":0,"parent":0,"menu_order":0,"comment_status":"closed","ping_status":"closed","template":"","meta":{"_acf_changed":false,"inline_featured_image":false,"footnotes":""},"acf":[],"_links":{"self":[{"href":"https:\/\/www.knapsack-sprayer.com\/vi\/wp-json\/wp\/v2\/pages\/911"}],"collection":[{"href":"https:\/\/www.knapsack-sprayer.com\/vi\/wp-json\/wp\/v2\/pages"}],"about":[{"href":"https:\/\/www.knapsack-sprayer.com\/vi\/wp-json\/wp\/v2\/types\/page"}],"author":[{"embeddable":true,"href":"https:\/\/www.knapsack-sprayer.com\/vi\/wp-json\/wp\/v2\/users\/1"}],"replies":[{"embeddable":true,"href":"https:\/\/www.knapsack-sprayer.com\/vi\/wp-json\/wp\/v2\/comments?post=911"}],"version-history":[{"count":3,"href":"https:\/\/www.knapsack-sprayer.com\/vi\/wp-json\/wp\/v2\/pages\/911\/revisions"}],"predecessor-version":[{"id":2726,"href":"https:\/\/www.knapsack-sprayer.com\/vi\/wp-json\/wp\/v2\/pages\/911\/revisions\/2726"}],"wp:attachment":[{"href":"https:\/\/www.knapsack-sprayer.com\/vi\/wp-json\/wp\/v2\/media?parent=911"}],"curies":[{"name":"wp","href":"https:\/\/api.w.org\/{rel}","templated":true}]}}